{"id":14,"date":"2024-04-16T08:41:43","date_gmt":"2024-04-16T08:41:43","guid":{"rendered":"https:\/\/italargislu.rkinformatika.online\/?page_id=14"},"modified":"2025-07-15T06:28:11","modified_gmt":"2025-07-15T06:28:11","slug":"servicios","status":"publish","type":"page","link":"https:\/\/italargislu.com\/eus\/servicios\/","title":{"rendered":"Zerbitzuak"},"content":{"rendered":"<div data-elementor-type=\"wp-page\" data-elementor-id=\"14\" class=\"elementor elementor-14\" data-elementor-post-type=\"page\">\n\t\t\t\t\t\t<section class=\"elementor-section elementor-top-section elementor-element elementor-element-369fe80e elementor-section-boxed elementor-section-height-default elementor-section-height-default\" data-id=\"369fe80e\" data-element_type=\"section\" data-e-type=\"section\" data-settings=\"{&quot;background_background&quot;:&quot;classic&quot;,&quot;shape_divider_bottom&quot;:&quot;pyramids&quot;,&quot;shape_divider_bottom_negative&quot;:&quot;yes&quot;}\">\n\t\t\t\t\t\t\t<div class=\"elementor-background-overlay\"><\/div>\n\t\t\t\t\t\t<div class=\"elementor-shape elementor-shape-bottom\" aria-hidden=\"true\" data-negative=\"true\">\n\t\t\t<svg xmlns=\"http:\/\/www.w3.org\/2000\/svg\" viewbox=\"0 0 1000 100\" preserveaspectratio=\"none\">\n\t<path class=\"elementor-shape-fill\" d=\"M761.9,40.6L643.1,24L333.9,93.8L0.1,1H0v99h1000V1\"\/>\n<\/svg>\t\t<\/div>\n\t\t\t\t\t<div class=\"elementor-container elementor-column-gap-default\">\n\t\t\t\t\t<div class=\"elementor-column elementor-col-100 elementor-top-column elementor-element elementor-element-7b556dfa\" data-id=\"7b556dfa\" data-element_type=\"column\" data-e-type=\"column\">\n\t\t\t<div class=\"elementor-widget-wrap elementor-element-populated\">\n\t\t\t\t\t\t<div class=\"elementor-element elementor-element-2f112fe elementor-widget elementor-widget-heading\" data-id=\"2f112fe\" data-element_type=\"widget\" data-e-type=\"widget\" data-widget_type=\"heading.default\">\n\t\t\t\t<div class=\"elementor-widget-container\">\n\t\t\t\t\t<h1 class=\"elementor-heading-title elementor-size-default\">Zerbitzuak<\/h1>\t\t\t\t<\/div>\n\t\t\t\t<\/div>\n\t\t\t\t\t<\/div>\n\t\t<\/div>\n\t\t\t\t\t<\/div>\n\t\t<\/section>\n\t\t\t\t<section class=\"elementor-section elementor-top-section elementor-element elementor-element-65bb7187 elementor-section-boxed elementor-section-height-default elementor-section-height-default\" data-id=\"65bb7187\" data-element_type=\"section\" data-e-type=\"section\">\n\t\t\t\t\t\t<div class=\"elementor-container elementor-column-gap-wider\">\n\t\t\t\t\t<div class=\"elementor-column elementor-col-50 elementor-top-column elementor-element elementor-element-3822da9a\" data-id=\"3822da9a\" data-element_type=\"column\" data-e-type=\"column\">\n\t\t\t<div class=\"elementor-widget-wrap elementor-element-populated\">\n\t\t\t\t\t\t<div class=\"elementor-element elementor-element-98a5c52 elementor-widget elementor-widget-image\" data-id=\"98a5c52\" data-element_type=\"widget\" data-e-type=\"widget\" data-widget_type=\"image.default\">\n\t\t\t\t<div class=\"elementor-widget-container\">\n\t\t\t\t\t\t\t\t\t\t\t\t\t\t\t<img fetchpriority=\"high\" decoding=\"async\" width=\"2000\" height=\"1333\" src=\"https:\/\/italargislu.com\/wp-content\/uploads\/2024\/04\/electrical-engineers-test-electrical-installations-and-wiring-on-protective-relays-.jpg\" class=\"attachment-full size-full wp-image-139\" alt=\"Electrical engineers test electrical installations and wiring on protective relays.\" srcset=\"https:\/\/italargislu.com\/wp-content\/uploads\/2024\/04\/electrical-engineers-test-electrical-installations-and-wiring-on-protective-relays-.jpg 2000w, https:\/\/italargislu.com\/wp-content\/uploads\/2024\/04\/electrical-engineers-test-electrical-installations-and-wiring-on-protective-relays--300x200.jpg 300w, https:\/\/italargislu.com\/wp-content\/uploads\/2024\/04\/electrical-engineers-test-electrical-installations-and-wiring-on-protective-relays--1024x682.jpg 1024w, https:\/\/italargislu.com\/wp-content\/uploads\/2024\/04\/electrical-engineers-test-electrical-installations-and-wiring-on-protective-relays--768x512.jpg 768w, https:\/\/italargislu.com\/wp-content\/uploads\/2024\/04\/electrical-engineers-test-electrical-installations-and-wiring-on-protective-relays--1536x1024.jpg 1536w, https:\/\/italargislu.com\/wp-content\/uploads\/2024\/04\/electrical-engineers-test-electrical-installations-and-wiring-on-protective-relays--18x12.jpg 18w\" sizes=\"(max-width: 2000px) 100vw, 2000px\" \/>\t\t\t\t\t\t\t\t\t\t\t\t\t\t\t<\/div>\n\t\t\t\t<\/div>\n\t\t\t\t<div class=\"elementor-element elementor-element-8796403 elementor-invisible elementor-widget elementor-widget-heading\" data-id=\"8796403\" data-element_type=\"widget\" data-e-type=\"widget\" data-settings=\"{&quot;_animation&quot;:&quot;fadeInDown&quot;}\" data-widget_type=\"heading.default\">\n\t\t\t\t<div class=\"elementor-widget-container\">\n\t\t\t\t\t<h2 class=\"elementor-heading-title elementor-size-default\">Instalaciones El\u00e9ctricas<\/h2>\t\t\t\t<\/div>\n\t\t\t\t<\/div>\n\t\t\t\t\t<\/div>\n\t\t<\/div>\n\t\t\t\t<div class=\"elementor-column elementor-col-50 elementor-top-column elementor-element elementor-element-bbc7452\" data-id=\"bbc7452\" data-element_type=\"column\" data-e-type=\"column\">\n\t\t\t<div class=\"elementor-widget-wrap elementor-element-populated\">\n\t\t\t\t\t\t<div class=\"elementor-element elementor-element-f3f5a47 elementor-widget elementor-widget-image\" data-id=\"f3f5a47\" data-element_type=\"widget\" data-e-type=\"widget\" data-widget_type=\"image.default\">\n\t\t\t\t<div class=\"elementor-widget-container\">\n\t\t\t\t\t\t\t\t\t\t\t\t\t\t\t<img decoding=\"async\" width=\"2000\" height=\"1335\" src=\"https:\/\/italargislu.com\/wp-content\/uploads\/2024\/04\/installing-or-repairing-electrical-panel.jpg\" class=\"attachment-full size-full wp-image-137\" alt=\"Installing or repairing electrical panel\" srcset=\"https:\/\/italargislu.com\/wp-content\/uploads\/2024\/04\/installing-or-repairing-electrical-panel.jpg 2000w, https:\/\/italargislu.com\/wp-content\/uploads\/2024\/04\/installing-or-repairing-electrical-panel-300x200.jpg 300w, https:\/\/italargislu.com\/wp-content\/uploads\/2024\/04\/installing-or-repairing-electrical-panel-1024x684.jpg 1024w, https:\/\/italargislu.com\/wp-content\/uploads\/2024\/04\/installing-or-repairing-electrical-panel-768x513.jpg 768w, https:\/\/italargislu.com\/wp-content\/uploads\/2024\/04\/installing-or-repairing-electrical-panel-1536x1025.jpg 1536w, https:\/\/italargislu.com\/wp-content\/uploads\/2024\/04\/installing-or-repairing-electrical-panel-18x12.jpg 18w\" sizes=\"(max-width: 2000px) 100vw, 2000px\" \/>\t\t\t\t\t\t\t\t\t\t\t\t\t\t\t<\/div>\n\t\t\t\t<\/div>\n\t\t\t\t<div class=\"elementor-element elementor-element-b1fba7c elementor-invisible elementor-widget elementor-widget-heading\" data-id=\"b1fba7c\" data-element_type=\"widget\" data-e-type=\"widget\" data-settings=\"{&quot;_animation&quot;:&quot;fadeInDown&quot;}\" data-widget_type=\"heading.default\">\n\t\t\t\t<div class=\"elementor-widget-container\">\n\t\t\t\t\t<h2 class=\"elementor-heading-title elementor-size-default\">Mantenimiento El\u00e9ctrico<\/h2>\t\t\t\t<\/div>\n\t\t\t\t<\/div>\n\t\t\t\t\t<\/div>\n\t\t<\/div>\n\t\t\t\t\t<\/div>\n\t\t<\/section>\n\t\t\t\t<section class=\"elementor-section elementor-top-section elementor-element elementor-element-57590112 elementor-section-boxed elementor-section-height-default elementor-section-height-default\" data-id=\"57590112\" data-element_type=\"section\" data-e-type=\"section\" data-settings=\"{&quot;background_background&quot;:&quot;classic&quot;,&quot;shape_divider_top&quot;:&quot;tilt&quot;,&quot;shape_divider_bottom&quot;:&quot;tilt&quot;}\">\n\t\t\t\t\t\t\t<div class=\"elementor-background-overlay\"><\/div>\n\t\t\t\t\t\t<div class=\"elementor-shape elementor-shape-top\" aria-hidden=\"true\" data-negative=\"false\">\n\t\t\t<svg xmlns=\"http:\/\/www.w3.org\/2000\/svg\" viewbox=\"0 0 1000 100\" preserveaspectratio=\"none\">\n\t<path class=\"elementor-shape-fill\" d=\"M0,6V0h1000v100L0,6z\"\/>\n<\/svg>\t\t<\/div>\n\t\t\t\t<div class=\"elementor-shape elementor-shape-bottom\" aria-hidden=\"true\" data-negative=\"false\">\n\t\t\t<svg xmlns=\"http:\/\/www.w3.org\/2000\/svg\" viewbox=\"0 0 1000 100\" preserveaspectratio=\"none\">\n\t<path class=\"elementor-shape-fill\" d=\"M0,6V0h1000v100L0,6z\"\/>\n<\/svg>\t\t<\/div>\n\t\t\t\t\t<div class=\"elementor-container elementor-column-gap-wider\">\n\t\t\t\t\t<div class=\"elementor-column elementor-col-33 elementor-top-column elementor-element elementor-element-7a8ef264\" data-id=\"7a8ef264\" data-element_type=\"column\" data-e-type=\"column\">\n\t\t\t<div class=\"elementor-widget-wrap elementor-element-populated\">\n\t\t\t\t\t\t<div class=\"elementor-element elementor-element-96da34e elementor-view-default elementor-position-block-start elementor-mobile-position-block-start elementor-widget elementor-widget-icon-box\" data-id=\"96da34e\" data-element_type=\"widget\" data-e-type=\"widget\" data-widget_type=\"icon-box.default\">\n\t\t\t\t<div class=\"elementor-widget-container\">\n\t\t\t\t\t\t\t<div class=\"elementor-icon-box-wrapper\">\n\n\t\t\t\t\t\t<div class=\"elementor-icon-box-icon\">\n\t\t\t\t<span  class=\"elementor-icon\">\n\t\t\t\t<i aria-hidden=\"true\" class=\"jki jki-checked1-light\"><\/i>\t\t\t\t<\/span>\n\t\t\t<\/div>\n\t\t\t\n\t\t\t\t\t\t<div class=\"elementor-icon-box-content\">\n\n\t\t\t\t\t\t\t\t\t<h3 class=\"elementor-icon-box-title\">\n\t\t\t\t\t\t<span  >\n\t\t\t\t\t\t\tProfesionalidad\t\t\t\t\t\t<\/span>\n\t\t\t\t\t<\/h3>\n\t\t\t\t\n\t\t\t\t\n\t\t\t<\/div>\n\t\t\t\n\t\t<\/div>\n\t\t\t\t\t\t<\/div>\n\t\t\t\t<\/div>\n\t\t\t\t\t<\/div>\n\t\t<\/div>\n\t\t\t\t<div class=\"elementor-column elementor-col-33 elementor-top-column elementor-element elementor-element-246b5555\" data-id=\"246b5555\" data-element_type=\"column\" data-e-type=\"column\">\n\t\t\t<div class=\"elementor-widget-wrap elementor-element-populated\">\n\t\t\t\t\t\t<div class=\"elementor-element elementor-element-a9e189c elementor-view-default elementor-position-block-start elementor-mobile-position-block-start elementor-widget elementor-widget-icon-box\" data-id=\"a9e189c\" data-element_type=\"widget\" data-e-type=\"widget\" data-widget_type=\"icon-box.default\">\n\t\t\t\t<div class=\"elementor-widget-container\">\n\t\t\t\t\t\t\t<div class=\"elementor-icon-box-wrapper\">\n\n\t\t\t\t\t\t<div class=\"elementor-icon-box-icon\">\n\t\t\t\t<span  class=\"elementor-icon\">\n\t\t\t\t<i aria-hidden=\"true\" class=\"jki jki-clock11-light\"><\/i>\t\t\t\t<\/span>\n\t\t\t<\/div>\n\t\t\t\n\t\t\t\t\t\t<div class=\"elementor-icon-box-content\">\n\n\t\t\t\t\t\t\t\t\t<h3 class=\"elementor-icon-box-title\">\n\t\t\t\t\t\t<span  >\n\t\t\t\t\t\t\tRapidez\t\t\t\t\t\t<\/span>\n\t\t\t\t\t<\/h3>\n\t\t\t\t\n\t\t\t\t\n\t\t\t<\/div>\n\t\t\t\n\t\t<\/div>\n\t\t\t\t\t\t<\/div>\n\t\t\t\t<\/div>\n\t\t\t\t\t<\/div>\n\t\t<\/div>\n\t\t\t\t<div class=\"elementor-column elementor-col-33 elementor-top-column elementor-element elementor-element-179f010c\" data-id=\"179f010c\" data-element_type=\"column\" data-e-type=\"column\">\n\t\t\t<div class=\"elementor-widget-wrap elementor-element-populated\">\n\t\t\t\t\t\t<div class=\"elementor-element elementor-element-4e6e4d2 elementor-view-default elementor-position-block-start elementor-mobile-position-block-start elementor-widget elementor-widget-icon-box\" data-id=\"4e6e4d2\" data-element_type=\"widget\" data-e-type=\"widget\" data-widget_type=\"icon-box.default\">\n\t\t\t\t<div class=\"elementor-widget-container\">\n\t\t\t\t\t\t\t<div class=\"elementor-icon-box-wrapper\">\n\n\t\t\t\t\t\t<div class=\"elementor-icon-box-icon\">\n\t\t\t\t<span  class=\"elementor-icon\">\n\t\t\t\t<i aria-hidden=\"true\" class=\"jki jki-handshake-light\"><\/i>\t\t\t\t<\/span>\n\t\t\t<\/div>\n\t\t\t\n\t\t\t\t\t\t<div class=\"elementor-icon-box-content\">\n\n\t\t\t\t\t\t\t\t\t<h3 class=\"elementor-icon-box-title\">\n\t\t\t\t\t\t<span  >\n\t\t\t\t\t\t\tCompromiso\t\t\t\t\t\t<\/span>\n\t\t\t\t\t<\/h3>\n\t\t\t\t\n\t\t\t\t\n\t\t\t<\/div>\n\t\t\t\n\t\t<\/div>\n\t\t\t\t\t\t<\/div>\n\t\t\t\t<\/div>\n\t\t\t\t\t<\/div>\n\t\t<\/div>\n\t\t\t\t\t<\/div>\n\t\t<\/section>\n\t\t\t\t<section class=\"elementor-section elementor-top-section elementor-element elementor-element-36c775f4 elementor-section-boxed elementor-section-height-default elementor-section-height-default\" data-id=\"36c775f4\" data-element_type=\"section\" data-e-type=\"section\">\n\t\t\t\t\t\t<div class=\"elementor-container elementor-column-gap-wider\">\n\t\t\t\t\t<div class=\"elementor-column elementor-col-50 elementor-top-column elementor-element elementor-element-30c5679b\" data-id=\"30c5679b\" data-element_type=\"column\" data-e-type=\"column\">\n\t\t\t<div class=\"elementor-widget-wrap elementor-element-populated\">\n\t\t\t\t\t\t<div class=\"elementor-element elementor-element-5dcf7a79 elementor-invisible elementor-widget elementor-widget-heading\" data-id=\"5dcf7a79\" data-element_type=\"widget\" data-e-type=\"widget\" data-settings=\"{&quot;_animation&quot;:&quot;fadeInDown&quot;}\" data-widget_type=\"heading.default\">\n\t\t\t\t<div class=\"elementor-widget-container\">\n\t\t\t\t\t<h2 class=\"elementor-heading-title elementor-size-default\">Conf\u00ede en nosotros para sus necesidades de servicio.<\/h2>\t\t\t\t<\/div>\n\t\t\t\t<\/div>\n\t\t\t\t<div class=\"elementor-element elementor-element-29629cd9 elementor-invisible elementor-widget elementor-widget-text-editor\" data-id=\"29629cd9\" data-element_type=\"widget\" data-e-type=\"widget\" data-settings=\"{&quot;_animation&quot;:&quot;fadeInDown&quot;}\" data-widget_type=\"text-editor.default\">\n\t\t\t\t<div class=\"elementor-widget-container\">\n\t\t\t\t\t\t\t\t\t<p>Conf\u00eda en Italargi SLU para tus necesidades el\u00e9ctricas porque somos expertos comprometidos con la seguridad y eficiencia. Nuestra trayectoria garantiza un servicio confiable y profesional, respaldado por t\u00e9cnicos capacitados y productos de calidad. En Italargi, tu satisfacci\u00f3n y tranquilidad son nuestra prioridad, brindando soluciones el\u00e9ctricas confiables y duraderas para tu hogar o negocio.<\/p>\t\t\t\t\t\t\t\t<\/div>\n\t\t\t\t<\/div>\n\t\t\t\t\t<\/div>\n\t\t<\/div>\n\t\t\t\t<div class=\"elementor-column elementor-col-50 elementor-top-column elementor-element elementor-element-265d450\" data-id=\"265d450\" data-element_type=\"column\" data-e-type=\"column\" data-settings=\"{&quot;background_background&quot;:&quot;classic&quot;}\">\n\t\t\t<div class=\"elementor-widget-wrap elementor-element-populated\">\n\t\t\t\t\t\t<div class=\"elementor-element elementor-element-e67a0e8 elementor-widget elementor-widget-image\" data-id=\"e67a0e8\" data-element_type=\"widget\" data-e-type=\"widget\" data-widget_type=\"image.default\">\n\t\t\t\t<div class=\"elementor-widget-container\">\n\t\t\t\t\t\t\t\t\t\t\t\t\t\t\t<img decoding=\"async\" width=\"2000\" height=\"1333\" src=\"https:\/\/italargislu.com\/wp-content\/uploads\/2024\/04\/electrician-working-with-cable-on-the-construction-site-house-and-house-reconstruction-.jpg\" class=\"attachment-full size-full wp-image-155\" alt=\"Electrician working with cable on the construction site, House and house reconstruction.\" srcset=\"https:\/\/italargislu.com\/wp-content\/uploads\/2024\/04\/electrician-working-with-cable-on-the-construction-site-house-and-house-reconstruction-.jpg 2000w, https:\/\/italargislu.com\/wp-content\/uploads\/2024\/04\/electrician-working-with-cable-on-the-construction-site-house-and-house-reconstruction--300x200.jpg 300w, https:\/\/italargislu.com\/wp-content\/uploads\/2024\/04\/electrician-working-with-cable-on-the-construction-site-house-and-house-reconstruction--1024x682.jpg 1024w, https:\/\/italargislu.com\/wp-content\/uploads\/2024\/04\/electrician-working-with-cable-on-the-construction-site-house-and-house-reconstruction--768x512.jpg 768w, https:\/\/italargislu.com\/wp-content\/uploads\/2024\/04\/electrician-working-with-cable-on-the-construction-site-house-and-house-reconstruction--1536x1024.jpg 1536w, https:\/\/italargislu.com\/wp-content\/uploads\/2024\/04\/electrician-working-with-cable-on-the-construction-site-house-and-house-reconstruction--18x12.jpg 18w\" sizes=\"(max-width: 2000px) 100vw, 2000px\" \/>\t\t\t\t\t\t\t\t\t\t\t\t\t\t\t<\/div>\n\t\t\t\t<\/div>\n\t\t\t\t\t<\/div>\n\t\t<\/div>\n\t\t\t\t\t<\/div>\n\t\t<\/section>\n\t\t\t\t<\/div>","protected":false},"excerpt":{"rendered":"<p>Servicios Instalaciones El\u00e9ctricas Mantenimiento El\u00e9ctrico Profesionalidad Rapidez Compromiso Conf\u00ede en nosotros para sus necesidades de servicio. Conf\u00eda en Italargi SLU para tus necesidades el\u00e9ctricas porque somos expertos comprometidos con la seguridad y eficiencia. Nuestra trayectoria garantiza un servicio confiable y profesional, respaldado por t\u00e9cnicos capacitados y productos de calidad. En Italargi, tu satisfacci\u00f3n y tranquilidad [&hellip;]<\/p>\n","protected":false},"author":1,"featured_media":0,"parent":0,"menu_order":0,"comment_status":"closed","ping_status":"closed","template":"elementor_canvas","meta":{"footnotes":""},"class_list":["post-14","page","type-page","status-publish","hentry"],"yoast_head":"<!-- This site is optimized with the Yoast SEO plugin v27.5 - https:\/\/yoast.com\/product\/yoast-seo-wordpress\/ -->\n<title>Servicios - Italargi SLU<\/title>\n<meta name=\"robots\" content=\"index, follow, max-snippet:-1, max-image-preview:large, max-video-preview:-1\" \/>\n<link rel=\"canonical\" href=\"https:\/\/italargislu.com\/eus\/servicios\/\" \/>\n<meta property=\"og:locale\" content=\"en_US\" \/>\n<meta property=\"og:type\" content=\"article\" \/>\n<meta property=\"og:title\" content=\"Servicios - Italargi SLU\" \/>\n<meta property=\"og:description\" content=\"Servicios Instalaciones El\u00e9ctricas Mantenimiento El\u00e9ctrico Profesionalidad Rapidez Compromiso Conf\u00ede en nosotros para sus necesidades de servicio. Conf\u00eda en Italargi SLU para tus necesidades el\u00e9ctricas porque somos expertos comprometidos con la seguridad y eficiencia. Nuestra trayectoria garantiza un servicio confiable y profesional, respaldado por t\u00e9cnicos capacitados y productos de calidad. En Italargi, tu satisfacci\u00f3n y tranquilidad [&hellip;]\" \/>\n<meta property=\"og:url\" content=\"https:\/\/italargislu.com\/eus\/servicios\/\" \/>\n<meta property=\"og:site_name\" content=\"Italargi SLU\" \/>\n<meta property=\"article:modified_time\" content=\"2025-07-15T06:28:11+00:00\" \/>\n<meta property=\"og:image\" content=\"https:\/\/italargislu.com\/wp-content\/uploads\/2024\/04\/electrical-engineers-test-electrical-installations-and-wiring-on-protective-relays-.jpg\" \/>\n\t<meta property=\"og:image:width\" content=\"2000\" \/>\n\t<meta property=\"og:image:height\" content=\"1333\" \/>\n\t<meta property=\"og:image:type\" content=\"image\/jpeg\" \/>\n<meta name=\"twitter:card\" content=\"summary_large_image\" \/>\n<meta name=\"twitter:label1\" content=\"Est. reading time\" \/>\n\t<meta name=\"twitter:data1\" content=\"1 minutua\" \/>\n<script type=\"application\/ld+json\" class=\"yoast-schema-graph\">{\"@context\":\"https:\\\/\\\/schema.org\",\"@graph\":[{\"@type\":\"WebPage\",\"@id\":\"https:\\\/\\\/italargislu.com\\\/servicios\\\/\",\"url\":\"https:\\\/\\\/italargislu.com\\\/servicios\\\/\",\"name\":\"Servicios - Italargi SLU\",\"isPartOf\":{\"@id\":\"https:\\\/\\\/italargislu.com\\\/#website\"},\"primaryImageOfPage\":{\"@id\":\"https:\\\/\\\/italargislu.com\\\/servicios\\\/#primaryimage\"},\"image\":{\"@id\":\"https:\\\/\\\/italargislu.com\\\/servicios\\\/#primaryimage\"},\"thumbnailUrl\":\"https:\\\/\\\/italargislu.com\\\/wp-content\\\/uploads\\\/2024\\\/04\\\/electrical-engineers-test-electrical-installations-and-wiring-on-protective-relays-.jpg\",\"datePublished\":\"2024-04-16T08:41:43+00:00\",\"dateModified\":\"2025-07-15T06:28:11+00:00\",\"breadcrumb\":{\"@id\":\"https:\\\/\\\/italargislu.com\\\/servicios\\\/#breadcrumb\"},\"inLanguage\":\"eu\",\"potentialAction\":[{\"@type\":\"ReadAction\",\"target\":[\"https:\\\/\\\/italargislu.com\\\/servicios\\\/\"]}]},{\"@type\":\"ImageObject\",\"inLanguage\":\"eu\",\"@id\":\"https:\\\/\\\/italargislu.com\\\/servicios\\\/#primaryimage\",\"url\":\"https:\\\/\\\/italargislu.com\\\/wp-content\\\/uploads\\\/2024\\\/04\\\/electrical-engineers-test-electrical-installations-and-wiring-on-protective-relays-.jpg\",\"contentUrl\":\"https:\\\/\\\/italargislu.com\\\/wp-content\\\/uploads\\\/2024\\\/04\\\/electrical-engineers-test-electrical-installations-and-wiring-on-protective-relays-.jpg\"},{\"@type\":\"BreadcrumbList\",\"@id\":\"https:\\\/\\\/italargislu.com\\\/servicios\\\/#breadcrumb\",\"itemListElement\":[{\"@type\":\"ListItem\",\"position\":1,\"name\":\"Portada\",\"item\":\"https:\\\/\\\/italargislu.com\\\/\"},{\"@type\":\"ListItem\",\"position\":2,\"name\":\"Servicios\"}]},{\"@type\":\"WebSite\",\"@id\":\"https:\\\/\\\/italargislu.com\\\/#website\",\"url\":\"https:\\\/\\\/italargislu.com\\\/\",\"name\":\"Italargi SLU\",\"description\":\"\",\"publisher\":{\"@id\":\"https:\\\/\\\/italargislu.com\\\/#organization\"},\"potentialAction\":[{\"@type\":\"SearchAction\",\"target\":{\"@type\":\"EntryPoint\",\"urlTemplate\":\"https:\\\/\\\/italargislu.com\\\/?s={search_term_string}\"},\"query-input\":{\"@type\":\"PropertyValueSpecification\",\"valueRequired\":true,\"valueName\":\"search_term_string\"}}],\"inLanguage\":\"eu\"},{\"@type\":\"Organization\",\"@id\":\"https:\\\/\\\/italargislu.com\\\/#organization\",\"name\":\"Italargi SLU\",\"url\":\"https:\\\/\\\/italargislu.com\\\/\",\"logo\":{\"@type\":\"ImageObject\",\"inLanguage\":\"eu\",\"@id\":\"https:\\\/\\\/italargislu.com\\\/#\\\/schema\\\/logo\\\/image\\\/\",\"url\":\"https:\\\/\\\/italargislu.com\\\/wp-content\\\/uploads\\\/2024\\\/04\\\/cropped-logo.png\",\"contentUrl\":\"https:\\\/\\\/italargislu.com\\\/wp-content\\\/uploads\\\/2024\\\/04\\\/cropped-logo.png\",\"width\":500,\"height\":93,\"caption\":\"Italargi SLU\"},\"image\":{\"@id\":\"https:\\\/\\\/italargislu.com\\\/#\\\/schema\\\/logo\\\/image\\\/\"}}]}<\/script>\n<!-- \/ Yoast SEO plugin. -->","yoast_head_json":{"title":"Servicios - Italargi SLU","robots":{"index":"index","follow":"follow","max-snippet":"max-snippet:-1","max-image-preview":"max-image-preview:large","max-video-preview":"max-video-preview:-1"},"canonical":"https:\/\/italargislu.com\/eus\/servicios\/","og_locale":"en_US","og_type":"article","og_title":"Servicios - Italargi SLU","og_description":"Servicios Instalaciones El\u00e9ctricas Mantenimiento El\u00e9ctrico Profesionalidad Rapidez Compromiso Conf\u00ede en nosotros para sus necesidades de servicio. Conf\u00eda en Italargi SLU para tus necesidades el\u00e9ctricas porque somos expertos comprometidos con la seguridad y eficiencia. Nuestra trayectoria garantiza un servicio confiable y profesional, respaldado por t\u00e9cnicos capacitados y productos de calidad. En Italargi, tu satisfacci\u00f3n y tranquilidad [&hellip;]","og_url":"https:\/\/italargislu.com\/eus\/servicios\/","og_site_name":"Italargi SLU","article_modified_time":"2025-07-15T06:28:11+00:00","og_image":[{"width":2000,"height":1333,"url":"https:\/\/italargislu.com\/wp-content\/uploads\/2024\/04\/electrical-engineers-test-electrical-installations-and-wiring-on-protective-relays-.jpg","type":"image\/jpeg"}],"twitter_card":"summary_large_image","twitter_misc":{"Est. reading time":"1 minutua"},"schema":{"@context":"https:\/\/schema.org","@graph":[{"@type":"WebPage","@id":"https:\/\/italargislu.com\/servicios\/","url":"https:\/\/italargislu.com\/servicios\/","name":"Servicios - Italargi SLU","isPartOf":{"@id":"https:\/\/italargislu.com\/#website"},"primaryImageOfPage":{"@id":"https:\/\/italargislu.com\/servicios\/#primaryimage"},"image":{"@id":"https:\/\/italargislu.com\/servicios\/#primaryimage"},"thumbnailUrl":"https:\/\/italargislu.com\/wp-content\/uploads\/2024\/04\/electrical-engineers-test-electrical-installations-and-wiring-on-protective-relays-.jpg","datePublished":"2024-04-16T08:41:43+00:00","dateModified":"2025-07-15T06:28:11+00:00","breadcrumb":{"@id":"https:\/\/italargislu.com\/servicios\/#breadcrumb"},"inLanguage":"eu","potentialAction":[{"@type":"ReadAction","target":["https:\/\/italargislu.com\/servicios\/"]}]},{"@type":"ImageObject","inLanguage":"eu","@id":"https:\/\/italargislu.com\/servicios\/#primaryimage","url":"https:\/\/italargislu.com\/wp-content\/uploads\/2024\/04\/electrical-engineers-test-electrical-installations-and-wiring-on-protective-relays-.jpg","contentUrl":"https:\/\/italargislu.com\/wp-content\/uploads\/2024\/04\/electrical-engineers-test-electrical-installations-and-wiring-on-protective-relays-.jpg"},{"@type":"BreadcrumbList","@id":"https:\/\/italargislu.com\/servicios\/#breadcrumb","itemListElement":[{"@type":"ListItem","position":1,"name":"Portada","item":"https:\/\/italargislu.com\/"},{"@type":"ListItem","position":2,"name":"Servicios"}]},{"@type":"WebSite","@id":"https:\/\/italargislu.com\/#website","url":"https:\/\/italargislu.com\/","name":"Italargi SLU","description":"","publisher":{"@id":"https:\/\/italargislu.com\/#organization"},"potentialAction":[{"@type":"SearchAction","target":{"@type":"EntryPoint","urlTemplate":"https:\/\/italargislu.com\/?s={search_term_string}"},"query-input":{"@type":"PropertyValueSpecification","valueRequired":true,"valueName":"search_term_string"}}],"inLanguage":"eu"},{"@type":"Organization","@id":"https:\/\/italargislu.com\/#organization","name":"Italargi SLU","url":"https:\/\/italargislu.com\/","logo":{"@type":"ImageObject","inLanguage":"eu","@id":"https:\/\/italargislu.com\/#\/schema\/logo\/image\/","url":"https:\/\/italargislu.com\/wp-content\/uploads\/2024\/04\/cropped-logo.png","contentUrl":"https:\/\/italargislu.com\/wp-content\/uploads\/2024\/04\/cropped-logo.png","width":500,"height":93,"caption":"Italargi SLU"},"image":{"@id":"https:\/\/italargislu.com\/#\/schema\/logo\/image\/"}}]}},"_links":{"self":[{"href":"https:\/\/italargislu.com\/eus\/wp-json\/wp\/v2\/pages\/14","targetHints":{"allow":["GET"]}}],"collection":[{"href":"https:\/\/italargislu.com\/eus\/wp-json\/wp\/v2\/pages"}],"about":[{"href":"https:\/\/italargislu.com\/eus\/wp-json\/wp\/v2\/types\/page"}],"author":[{"embeddable":true,"href":"https:\/\/italargislu.com\/eus\/wp-json\/wp\/v2\/users\/1"}],"replies":[{"embeddable":true,"href":"https:\/\/italargislu.com\/eus\/wp-json\/wp\/v2\/comments?post=14"}],"version-history":[{"count":19,"href":"https:\/\/italargislu.com\/eus\/wp-json\/wp\/v2\/pages\/14\/revisions"}],"predecessor-version":[{"id":256,"href":"https:\/\/italargislu.com\/eus\/wp-json\/wp\/v2\/pages\/14\/revisions\/256"}],"wp:attachment":[{"href":"https:\/\/italargislu.com\/eus\/wp-json\/wp\/v2\/media?parent=14"}],"curies":[{"name":"wp","href":"https:\/\/api.w.org\/{rel}","templated":true}]}}